{"id":30,"date":"2013-07-18T21:57:37","date_gmt":"2013-07-18T19:57:37","guid":{"rendered":"http:\/\/www.xn--lafiguire-63a.de\/?page_id=30"},"modified":"2013-07-20T15:03:34","modified_gmt":"2013-07-20T13:03:34","slug":"die-insel","status":"publish","type":"page","link":"https:\/\/www.xn--lafiguire-63a.de\/fr\/die-insel\/","title":{"rendered":"L'Ile d'Yeu"},"content":{"rendered":"<p style=\"text-align: left;\">L\u2019Ile d\u2019Yeu se trouve \u00e0 20 km de la c\u00f4te fran\u00e7aise. Elle fait 10 km de longueur sur 3,5 km de largeur. Cach\u00e9e dans l\u2019Atlantique, elle vous permet rapidement d\u2019oublier vos soucis et de \nl\u00e2chez le stress. Tourn\u00e9s vers l\u2019Atlantique vous d\u00e9couvrirez un paysage imposant de hautes falaises prot\u00e9geant l\u2019\u00eele des grosses temp\u00eates venant de l\u2019Ouest alors que la c\u00f4te Est, donc vers la France, vous proposera de longues plages de sable. \u00c0 vous de choisir. Cette petite \u00eele vous propose deux paysages absolument \ndiff\u00e9rents.<\/p>\n<h4 style=\"text-align: left;\">Port Joinville<\/h4>\n<p style=\"text-align: left;\">Le lieu principal de l\u2019Ile d\u2019Yeu est bien sur Port-Joinville. C\u2019est l\u00e0 que vous arriverez et de l\u00e0 que vous repartirez. Vous y trouverez la poste, la mairie, l\u2019office de tourisme, beaucoup de jolis petits magasins et tout ce qui est n\u00e9cessaire \npour faire vos courses. C\u2019est aussi le lieu id\u00e9al pour prendre un ap\u00e9ritif sur une des nombreuses terrasses ou d\u00e9guster la sp\u00e9cialit\u00e9 de l\u2019Ile d\u2019Yeu : les patagos. Un coquillage n\u2019existant que dans cette r\u00e9gion et absolument d\u00e9licieux. Il vous est aussi possible d\u2019acheter des poissons ou des crustac\u00e9s directement \nau bateau du p\u00eacheur. Bref un lieu plein de charme.<\/p>\n<h4 style=\"text-align: left;\">St. Sauveur<\/h4>\n<p style=\"text-align: left;\">Au fil de vos randonn\u00e9es, vous d\u00e9couvrirez des endroits pittoresques dont Saint Sauveur l\u2019ancien principal village car l\u00e0 se trouvait la seule \u00e9glise de L\u2019Ile d\u2019Yeu et la maison du gouverneur qui s\u2019occupait des biens de la\n\u00ab Duchesse Anne de Bretagne \u00ab. C\u2019est un petit village avec des ruelles tr\u00e8s romantiques et agr\u00e9ables \u00e0 d\u00e9couvrir o\u00f9 il est possible de faire les achats n\u00e9cessaires pour un bon petit d\u00e9jeuner: du pain, du fromage et le journal.<\/p>\n<h4 style=\"text-align: left;\">Port de la Meule<\/h4>\n<p style=\"text-align: left;\">Ce petit port naturel est un endroit merveilleux. Une tr\u00e8s jolie petite chapelle \u00ab La Chapelle de La Meule \u00ab inspire au repos et \u00e0 la m\u00e9ditation. \nC\u2019est aussi un lieu de d\u00e9part pour de tr\u00e8s belles randonn\u00e9es, \u00e0 pied o\u00f9 \u00e0 v\u00e9lo, le long de la c\u00f4te sauvage o\u00f9 une vue magnifique sur l\u2019Atlantique \ns\u2019offre \u00e0 notre admiration. Il s\u2019y trouve une cr\u00eaperie et un tr\u00e8s agr\u00e9able bar-restaurant o\u00f9 il fait bon se rafra\u00eechir apr\u00e8s une longue randonn\u00e9e.<\/p>","protected":false},"excerpt":{"rendered":"<p>Rund 20 Kilometer von der franz\u00f6sischen K\u00fcste entfernt im Atlantik gelegen, l\u00e4sst die \u00cele d&#8217;Yeu Sie den Alltag schnellstens vergessen &#8211; auf 23 Quadratkilometern erleben Sie echtes franz\u00f6sisches &#8222;Savoir-vivre&#8220;! W\u00e4hrend die S\u00fcdwest-K\u00fcste vor allem mit ihren imposanten Felsw\u00e4nden beeindruckt, laden im Nordwesten&#46;&#46;&#46; <a href=\"https:\/\/www.xn--lafiguire-63a.de\/fr\/die-insel\/\" class=\"more\">(more)<\/a><\/p>","protected":false},"author":1,"featured_media":0,"parent":0,"menu_order":0,"comment_status":"closed","ping_status":"closed","template":"","meta":{"footnotes":""},"class_list":["post-30","page","type-page","status-publish","hentry"],"_links":{"self":[{"href":"https:\/\/www.xn--lafiguire-63a.de\/fr\/wp-json\/wp\/v2\/pages\/30","targetHints":{"allow":["GET"]}}],"collection":[{"href":"https:\/\/www.xn--lafiguire-63a.de\/fr\/wp-json\/wp\/v2\/pages"}],"about":[{"href":"https:\/\/www.xn--lafiguire-63a.de\/fr\/wp-json\/wp\/v2\/types\/page"}],"author":[{"embeddable":true,"href":"https:\/\/www.xn--lafiguire-63a.de\/fr\/wp-json\/wp\/v2\/users\/1"}],"replies":[{"embeddable":true,"href":"https:\/\/www.xn--lafiguire-63a.de\/fr\/wp-json\/wp\/v2\/comments?post=30"}],"version-history":[{"count":11,"href":"https:\/\/www.xn--lafiguire-63a.de\/fr\/wp-json\/wp\/v2\/pages\/30\/revisions"}],"predecessor-version":[{"id":157,"href":"https:\/\/www.xn--lafiguire-63a.de\/fr\/wp-json\/wp\/v2\/pages\/30\/revisions\/157"}],"wp:attachment":[{"href":"https:\/\/www.xn--lafiguire-63a.de\/fr\/wp-json\/wp\/v2\/media?parent=30"}],"curies":[{"name":"wp","href":"https:\/\/api.w.org\/{rel}","templated":true}]}}